{"id":2359,"date":"2023-11-10T21:28:13","date_gmt":"2023-11-10T21:28:13","guid":{"rendered":"https:\/\/swisshappybrows.com\/?page_id=2359"},"modified":"2023-11-23T20:23:02","modified_gmt":"2023-11-23T20:23:02","slug":"microblading-in-zurich","status":"publish","type":"page","link":"https:\/\/swisshappybrows.com\/en\/microblading-in-zurich\/","title":{"rendered":"Microblanding in Zurich"},"content":{"rendered":"\t\t<div data-elementor-type=\"wp-page\" data-elementor-id=\"2359\" class=\"elementor elementor-2359\" data-elementor-post-type=\"page\">\n\t\t\t\t<div class=\"elementor-element elementor-element-5e73a5a e-con-full e-flex e-con e-parent\" data-id=\"5e73a5a\" data-element_type=\"container\" data-e-type=\"container\" data-settings=\"{&quot;background_background&quot;:&quot;video&quot;,&quot;background_video_link&quot;:&quot;http:\\\/\\\/swisshappybrows.com\\\/wp-content\\\/uploads\\\/2022\\\/10\\\/WeitereperfekteAugenbrauenvonMicrobladingKunden.mp4&quot;,&quot;background_play_once&quot;:&quot;yes&quot;,&quot;background_play_on_mobile&quot;:&quot;yes&quot;}\">\n\t\t<div class=\"elementor-background-video-container\">\n\t\t\t\t\t\t\t<video class=\"elementor-background-video-hosted\" role=\"presentation\" autoplay muted playsinline><\/video>\n\t\t\t\t\t<\/div>\t\t<div class=\"elementor-element elementor-element-2b49aaa animated-slow elementor-invisible elementor-widget elementor-widget-heading\" data-id=\"2b49aaa\" data-element_type=\"widget\" data-e-type=\"widget\" data-settings=\"{&quot;_animation&quot;:&quot;fadeIn&quot;}\" data-widget_type=\"heading.default\">\n\t\t\t\t<div class=\"elementor-widget-container\">\n\t\t\t\t\t<h1 class=\"elementor-heading-title elementor-size-default\">Microblading in Z\u00fcrich<\/h1>\t\t\t\t<\/div>\n\t\t\t\t<\/div>\n\t\t\t\t<div class=\"elementor-element elementor-element-57adc64 elementor-invisible elementor-widget elementor-widget-text-editor\" data-id=\"57adc64\" data-element_type=\"widget\" data-e-type=\"widget\" data-settings=\"{&quot;_animation&quot;:&quot;fadeIn&quot;}\" data-widget_type=\"text-editor.default\">\n\t\t\t\t<div class=\"elementor-widget-container\">\n\t\t\t\t\t\t\t\t\t<div><h3 class=\"uagb-ifb-title\"><span style=\"color: #ffffff;\">Unser Studio in Z\u00fcrich<\/span><\/h3><\/div><figure class=\"wp-block-gallery has-nested-images columns-2 is-cropped wp-block-gallery-1 is-layout-flex wp-block-gallery-is-layout-flex\"><\/figure>\t\t\t\t\t\t\t\t<\/div>\n\t\t\t\t<\/div>\n\t\t<div class=\"elementor-element elementor-element-e9af712 e-flex e-con-boxed e-con e-child\" data-id=\"e9af712\" data-element_type=\"container\" data-e-type=\"container\">\n\t\t\t\t\t<div class=\"e-con-inner\">\n\t\t\t\t<div class=\"elementor-element elementor-element-29fe832 elementor-align-center elementor-invisible elementor-widget elementor-widget-button\" data-id=\"29fe832\" data-element_type=\"widget\" data-e-type=\"widget\" data-settings=\"{&quot;_animation&quot;:&quot;fadeIn&quot;}\" data-widget_type=\"button.default\">\n\t\t\t\t<div class=\"elementor-widget-container\">\n\t\t\t\t\t\t\t\t\t<div class=\"elementor-button-wrapper\">\n\t\t\t\t\t<a class=\"elementor-button elementor-button-link elementor-size-sm elementor-animation-shrink\" href=\"https:\/\/swisshappybrows.setmore.com\/\" target=\"_blank\" rel=\"noopener\">\n\t\t\t\t\t\t<span class=\"elementor-button-content-wrapper\">\n\t\t\t\t\t\t\t\t\t<span class=\"elementor-button-text\">Termin Z\u00fcrich<\/span>\n\t\t\t\t\t<\/span>\n\t\t\t\t\t<\/a>\n\t\t\t\t<\/div>\n\t\t\t\t\t\t\t\t<\/div>\n\t\t\t\t<\/div>\n\t\t\t\t\t<\/div>\n\t\t\t\t<\/div>\n\t\t\t\t<\/div>\n\t\t<div class=\"elementor-element elementor-element-4baea24 e-con-full e-flex e-con e-parent\" data-id=\"4baea24\" data-element_type=\"container\" data-e-type=\"container\" data-settings=\"{&quot;background_background&quot;:&quot;classic&quot;}\">\n\t\t\t\t<div class=\"elementor-element elementor-element-e118d9f elementor-widget elementor-widget-wp-widget-woowgallery\" data-id=\"e118d9f\" data-element_type=\"widget\" data-e-type=\"widget\" data-widget_type=\"wp-widget-woowgallery.default\">\n\t\t\t\t<div class=\"elementor-widget-container\">\n\t\t\t\t\t<div id=\"wg_2358_17785938121098\" class=\"woowgallery-wrapper wg-id-2358 type-woowgallery\" itemscope itemtype=\"http:\/\/schema.org\/ImageGallery\">\t\t<div class='woowgallery-amron'>\n\t\t\t<script type=\"application\/json\" class=\"wg-json-content\">[{\"type\":\"attachment\",\"subtype\":\"image\",\"status\":\"publish\",\"id\":\"1089\",\"title_src\":\"title\",\"alt_src\":\"alt\",\"caption_src\":\"caption\",\"title\":\"Microblanding in Z\\u00fcrich 2\",\"alt\":\"\",\"caption\":\"\",\"link\":{\"text\":\"\",\"url\":\"\",\"target\":\"_self\"},\"tags\":[],\"author\":{\"id\":\"1\",\"name\":\"admin\",\"url\":\"https:\\\/\\\/swisshappybrows.com\"},\"slug\":\"zurich2\",\"date\":\"2022-10-17T15:49:44\",\"src\":\"https:\\\/\\\/swisshappybrows.com\\\/?p=1089\",\"original\":\"http:\\\/\\\/swisshappybrows.com\\\/wp-content\\\/uploads\\\/2022\\\/10\\\/zurich2.jpg\",\"comments\":{\"status\":\"open\",\"count\":\"0\"},\"copyright\":\"\",\"thumb\":[\"http:\\\/\\\/swisshappybrows.com\\\/wp-content\\\/uploads\\\/2022\\\/10\\\/zurich2-400x132.jpg\",400,132,true],\"image\":[\"http:\\\/\\\/swisshappybrows.com\\\/wp-content\\\/uploads\\\/2022\\\/10\\\/zurich2.jpg\",980,324,false],\"image_id\":1089,\"resized\":true,\"file\":\"\\\/var\\\/www\\\/vhosts\\\/swisshappybrows.com\\\/httpdocs\\\/wp-content\\\/uploads\\\/2022\\\/10\\\/zurich2.jpg\",\"meta\":[],\"tags_taxonomy\":\"media_tag\"},{\"type\":\"attachment\",\"subtype\":\"image\",\"status\":\"publish\",\"id\":\"1090\",\"title_src\":\"title\",\"alt_src\":\"alt\",\"caption_src\":\"caption\",\"title\":\"Microblanding in Z\\u00fcrich 3\",\"alt\":\"\",\"caption\":\"\",\"link\":{\"text\":\"\",\"url\":\"\",\"target\":\"_self\"},\"tags\":[],\"author\":{\"id\":\"1\",\"name\":\"admin\",\"url\":\"https:\\\/\\\/swisshappybrows.com\"},\"slug\":\"zurich3\",\"date\":\"2022-10-17T15:49:45\",\"src\":\"https:\\\/\\\/swisshappybrows.com\\\/?p=1090\",\"original\":\"http:\\\/\\\/swisshappybrows.com\\\/wp-content\\\/uploads\\\/2022\\\/10\\\/zurich3.jpg\",\"comments\":{\"status\":\"open\",\"count\":\"0\"},\"copyright\":\"\",\"thumb\":[\"http:\\\/\\\/swisshappybrows.com\\\/wp-content\\\/uploads\\\/2022\\\/10\\\/zurich3-400x132.jpg\",400,132,true],\"image\":[\"http:\\\/\\\/swisshappybrows.com\\\/wp-content\\\/uploads\\\/2022\\\/10\\\/zurich3.jpg\",980,324,false],\"image_id\":1090,\"resized\":true,\"file\":\"\\\/var\\\/www\\\/vhosts\\\/swisshappybrows.com\\\/httpdocs\\\/wp-content\\\/uploads\\\/2022\\\/10\\\/zurich3.jpg\",\"meta\":[],\"tags_taxonomy\":\"media_tag\"},{\"type\":\"attachment\",\"subtype\":\"image\",\"status\":\"publish\",\"id\":\"1088\",\"title_src\":\"title\",\"alt_src\":\"alt\",\"caption_src\":\"caption\",\"title\":\"Microblanding in Z\\u00fcrich 1\",\"alt\":\"\",\"caption\":\"\",\"link\":{\"text\":\"\",\"url\":\"\",\"target\":\"_self\"},\"tags\":[],\"author\":{\"id\":\"1\",\"name\":\"admin\",\"url\":\"https:\\\/\\\/swisshappybrows.com\"},\"slug\":\"zurich1\",\"date\":\"2022-10-17T15:49:44\",\"src\":\"https:\\\/\\\/swisshappybrows.com\\\/?p=1088\",\"original\":\"http:\\\/\\\/swisshappybrows.com\\\/wp-content\\\/uploads\\\/2022\\\/10\\\/zurich1.jpg\",\"comments\":{\"status\":\"open\",\"count\":\"0\"},\"copyright\":\"\",\"thumb\":[\"http:\\\/\\\/swisshappybrows.com\\\/wp-content\\\/uploads\\\/2022\\\/10\\\/zurich1-400x132.jpg\",400,132,true],\"image\":[\"http:\\\/\\\/swisshappybrows.com\\\/wp-content\\\/uploads\\\/2022\\\/10\\\/zurich1.jpg\",980,324,false],\"image_id\":1088,\"resized\":true,\"file\":\"\\\/var\\\/www\\\/vhosts\\\/swisshappybrows.com\\\/httpdocs\\\/wp-content\\\/uploads\\\/2022\\\/10\\\/zurich1.jpg\",\"meta\":[],\"tags_taxonomy\":\"media_tag\"},{\"type\":\"attachment\",\"subtype\":\"image\",\"status\":\"publish\",\"id\":\"998\",\"title_src\":\"title\",\"alt_src\":\"alt\",\"caption_src\":\"caption\",\"title\":\"background-calendar\",\"alt\":\"\",\"caption\":\"\",\"link\":{\"text\":\"\",\"url\":\"\",\"target\":\"_self\"},\"tags\":[],\"author\":{\"id\":\"1\",\"name\":\"admin\",\"url\":\"https:\\\/\\\/swisshappybrows.com\"},\"slug\":\"background-calendar\",\"date\":\"2022-10-10T17:34:50\",\"src\":\"https:\\\/\\\/swisshappybrows.com\\\/?p=998\",\"original\":\"http:\\\/\\\/swisshappybrows.com\\\/wp-content\\\/uploads\\\/2022\\\/10\\\/background-calendar.webp\",\"comments\":{\"status\":\"open\",\"count\":\"0\"},\"copyright\":\"\",\"thumb\":[\"http:\\\/\\\/swisshappybrows.com\\\/wp-content\\\/uploads\\\/2022\\\/10\\\/background-calendar-400x148.webp\",400,148,true],\"image\":[\"http:\\\/\\\/swisshappybrows.com\\\/wp-content\\\/uploads\\\/2022\\\/10\\\/background-calendar.webp\",1242,458,false],\"image_id\":998,\"resized\":true,\"file\":\"\\\/var\\\/www\\\/vhosts\\\/swisshappybrows.com\\\/httpdocs\\\/wp-content\\\/uploads\\\/2022\\\/10\\\/background-calendar.webp\",\"meta\":[],\"tags_taxonomy\":\"media_tag\"},{\"type\":\"attachment\",\"subtype\":\"image\",\"status\":\"publish\",\"id\":\"1091\",\"title_src\":\"title\",\"alt_src\":\"alt\",\"caption_src\":\"caption\",\"title\":\"Microblanding in Z\\u00fcrich 4\",\"alt\":\"\",\"caption\":\"\",\"link\":{\"text\":\"\",\"url\":\"\",\"target\":\"_self\"},\"tags\":[],\"author\":{\"id\":\"1\",\"name\":\"admin\",\"url\":\"https:\\\/\\\/swisshappybrows.com\"},\"slug\":\"zurich4\",\"date\":\"2022-10-17T15:49:45\",\"src\":\"https:\\\/\\\/swisshappybrows.com\\\/?p=1091\",\"original\":\"http:\\\/\\\/swisshappybrows.com\\\/wp-content\\\/uploads\\\/2022\\\/10\\\/zurich4.jpg\",\"comments\":{\"status\":\"open\",\"count\":\"0\"},\"copyright\":\"\",\"thumb\":[\"http:\\\/\\\/swisshappybrows.com\\\/wp-content\\\/uploads\\\/2022\\\/10\\\/zurich4-400x132.jpg\",400,132,true],\"image\":[\"http:\\\/\\\/swisshappybrows.com\\\/wp-content\\\/uploads\\\/2022\\\/10\\\/zurich4.jpg\",980,324,false],\"image_id\":1091,\"resized\":true,\"file\":\"\\\/var\\\/www\\\/vhosts\\\/swisshappybrows.com\\\/httpdocs\\\/wp-content\\\/uploads\\\/2022\\\/10\\\/zurich4.jpg\",\"meta\":[],\"tags_taxonomy\":\"media_tag\"},{\"type\":\"attachment\",\"subtype\":\"image\",\"status\":\"publish\",\"id\":\"1092\",\"title_src\":\"title\",\"alt_src\":\"alt\",\"caption_src\":\"caption\",\"title\":\"Microblanding in Z\\u00fcrich 5\",\"alt\":\"\",\"caption\":\"\",\"link\":{\"text\":\"\",\"url\":\"\",\"target\":\"_self\"},\"tags\":[],\"author\":{\"id\":\"1\",\"name\":\"admin\",\"url\":\"https:\\\/\\\/swisshappybrows.com\"},\"slug\":\"zurich5\",\"date\":\"2022-10-17T15:49:46\",\"src\":\"https:\\\/\\\/swisshappybrows.com\\\/?p=1092\",\"original\":\"http:\\\/\\\/swisshappybrows.com\\\/wp-content\\\/uploads\\\/2022\\\/10\\\/zurich5.jpg\",\"comments\":{\"status\":\"open\",\"count\":\"0\"},\"copyright\":\"\",\"thumb\":[\"http:\\\/\\\/swisshappybrows.com\\\/wp-content\\\/uploads\\\/2022\\\/10\\\/zurich5-400x132.jpg\",400,132,true],\"image\":[\"http:\\\/\\\/swisshappybrows.com\\\/wp-content\\\/uploads\\\/2022\\\/10\\\/zurich5.jpg\",980,324,false],\"image_id\":1092,\"resized\":true,\"file\":\"\\\/var\\\/www\\\/vhosts\\\/swisshappybrows.com\\\/httpdocs\\\/wp-content\\\/uploads\\\/2022\\\/10\\\/zurich5.jpg\",\"meta\":[],\"tags_taxonomy\":\"media_tag\"},{\"type\":\"attachment\",\"subtype\":\"image\",\"status\":\"publish\",\"id\":\"1093\",\"title_src\":\"title\",\"alt_src\":\"alt\",\"caption_src\":\"caption\",\"title\":\"Microblanding in Z\\u00fcrich 6\",\"alt\":\"\",\"caption\":\"\",\"link\":{\"text\":\"\",\"url\":\"\",\"target\":\"_self\"},\"tags\":[],\"author\":{\"id\":\"1\",\"name\":\"admin\",\"url\":\"https:\\\/\\\/swisshappybrows.com\"},\"slug\":\"zurich6\",\"date\":\"2022-10-17T15:49:47\",\"src\":\"https:\\\/\\\/swisshappybrows.com\\\/?p=1093\",\"original\":\"http:\\\/\\\/swisshappybrows.com\\\/wp-content\\\/uploads\\\/2022\\\/10\\\/zurich6.jpg\",\"comments\":{\"status\":\"open\",\"count\":\"0\"},\"copyright\":\"\",\"thumb\":[\"http:\\\/\\\/swisshappybrows.com\\\/wp-content\\\/uploads\\\/2022\\\/10\\\/zurich6-400x132.jpg\",400,132,true],\"image\":[\"http:\\\/\\\/swisshappybrows.com\\\/wp-content\\\/uploads\\\/2022\\\/10\\\/zurich6.jpg\",980,324,false],\"image_id\":1093,\"resized\":true,\"file\":\"\\\/var\\\/www\\\/vhosts\\\/swisshappybrows.com\\\/httpdocs\\\/wp-content\\\/uploads\\\/2022\\\/10\\\/zurich6.jpg\",\"meta\":[],\"tags_taxonomy\":\"media_tag\"},{\"type\":\"attachment\",\"subtype\":\"image\",\"status\":\"publish\",\"id\":\"1094\",\"title_src\":\"title\",\"alt_src\":\"alt\",\"caption_src\":\"caption\",\"title\":\"Microblanding in Z\\u00fcrich 7\",\"alt\":\"\",\"caption\":\"\",\"link\":{\"text\":\"\",\"url\":\"\",\"target\":\"_self\"},\"tags\":[],\"author\":{\"id\":\"1\",\"name\":\"admin\",\"url\":\"https:\\\/\\\/swisshappybrows.com\"},\"slug\":\"zurich7\",\"date\":\"2022-10-17T15:49:47\",\"src\":\"https:\\\/\\\/swisshappybrows.com\\\/?p=1094\",\"original\":\"http:\\\/\\\/swisshappybrows.com\\\/wp-content\\\/uploads\\\/2022\\\/10\\\/zurich7.jpg\",\"comments\":{\"status\":\"open\",\"count\":\"0\"},\"copyright\":\"\",\"thumb\":[\"http:\\\/\\\/swisshappybrows.com\\\/wp-content\\\/uploads\\\/2022\\\/10\\\/zurich7-400x132.jpg\",400,132,true],\"image\":[\"http:\\\/\\\/swisshappybrows.com\\\/wp-content\\\/uploads\\\/2022\\\/10\\\/zurich7.jpg\",980,324,false],\"image_id\":1094,\"resized\":true,\"file\":\"\\\/var\\\/www\\\/vhosts\\\/swisshappybrows.com\\\/httpdocs\\\/wp-content\\\/uploads\\\/2022\\\/10\\\/zurich7.jpg\",\"meta\":[],\"tags_taxonomy\":\"media_tag\"},{\"type\":\"attachment\",\"subtype\":\"image\",\"status\":\"publish\",\"id\":\"1095\",\"title_src\":\"title\",\"alt_src\":\"alt\",\"caption_src\":\"caption\",\"title\":\"Microblanding in Z\\u00fcrich 8\",\"alt\":\"\",\"caption\":\"\",\"link\":{\"text\":\"\",\"url\":\"\",\"target\":\"_self\"},\"tags\":[],\"author\":{\"id\":\"1\",\"name\":\"admin\",\"url\":\"https:\\\/\\\/swisshappybrows.com\"},\"slug\":\"zurich8\",\"date\":\"2022-10-17T15:49:48\",\"src\":\"https:\\\/\\\/swisshappybrows.com\\\/?p=1095\",\"original\":\"http:\\\/\\\/swisshappybrows.com\\\/wp-content\\\/uploads\\\/2022\\\/10\\\/zurich8.jpg\",\"comments\":{\"status\":\"open\",\"count\":\"0\"},\"copyright\":\"\",\"thumb\":[\"http:\\\/\\\/swisshappybrows.com\\\/wp-content\\\/uploads\\\/2022\\\/10\\\/zurich8-400x132.jpg\",400,132,true],\"image\":[\"http:\\\/\\\/swisshappybrows.com\\\/wp-content\\\/uploads\\\/2022\\\/10\\\/zurich8.jpg\",980,324,false],\"image_id\":1095,\"resized\":true,\"file\":\"\\\/var\\\/www\\\/vhosts\\\/swisshappybrows.com\\\/httpdocs\\\/wp-content\\\/uploads\\\/2022\\\/10\\\/zurich8.jpg\",\"meta\":[],\"tags_taxonomy\":\"media_tag\"},{\"type\":\"attachment\",\"subtype\":\"image\",\"status\":\"publish\",\"id\":\"1097\",\"title_src\":\"title\",\"alt_src\":\"alt\",\"caption_src\":\"caption\",\"title\":\"Microblanding in Z\\u00fcrich 10\",\"alt\":\"\",\"caption\":\"\",\"link\":{\"text\":\"\",\"url\":\"\",\"target\":\"_self\"},\"tags\":[],\"author\":{\"id\":\"1\",\"name\":\"admin\",\"url\":\"https:\\\/\\\/swisshappybrows.com\"},\"slug\":\"zurich10\",\"date\":\"2022-10-17T15:49:49\",\"src\":\"https:\\\/\\\/swisshappybrows.com\\\/?p=1097\",\"original\":\"http:\\\/\\\/swisshappybrows.com\\\/wp-content\\\/uploads\\\/2022\\\/10\\\/zurich10.jpg\",\"comments\":{\"status\":\"open\",\"count\":\"0\"},\"copyright\":\"\",\"thumb\":[\"http:\\\/\\\/swisshappybrows.com\\\/wp-content\\\/uploads\\\/2022\\\/10\\\/zurich10-400x132.jpg\",400,132,true],\"image\":[\"http:\\\/\\\/swisshappybrows.com\\\/wp-content\\\/uploads\\\/2022\\\/10\\\/zurich10.jpg\",980,324,false],\"image_id\":1097,\"resized\":true,\"file\":\"\\\/var\\\/www\\\/vhosts\\\/swisshappybrows.com\\\/httpdocs\\\/wp-content\\\/uploads\\\/2022\\\/10\\\/zurich10.jpg\",\"meta\":[],\"tags_taxonomy\":\"media_tag\"},{\"type\":\"attachment\",\"subtype\":\"image\",\"status\":\"publish\",\"id\":\"1096\",\"title_src\":\"title\",\"alt_src\":\"alt\",\"caption_src\":\"caption\",\"title\":\"Microblanding in Z\\u00fcrich 9\",\"alt\":\"\",\"caption\":\"\",\"link\":{\"text\":\"\",\"url\":\"\",\"target\":\"_self\"},\"tags\":[],\"author\":{\"id\":\"1\",\"name\":\"admin\",\"url\":\"https:\\\/\\\/swisshappybrows.com\"},\"slug\":\"zurich9\",\"date\":\"2022-10-17T15:49:48\",\"src\":\"https:\\\/\\\/swisshappybrows.com\\\/?p=1096\",\"original\":\"http:\\\/\\\/swisshappybrows.com\\\/wp-content\\\/uploads\\\/2022\\\/10\\\/zurich9.jpg\",\"comments\":{\"status\":\"open\",\"count\":\"0\"},\"copyright\":\"\",\"thumb\":[\"http:\\\/\\\/swisshappybrows.com\\\/wp-content\\\/uploads\\\/2022\\\/10\\\/zurich9-400x132.jpg\",400,132,true],\"image\":[\"http:\\\/\\\/swisshappybrows.com\\\/wp-content\\\/uploads\\\/2022\\\/10\\\/zurich9.jpg\",980,324,false],\"image_id\":1096,\"resized\":true,\"file\":\"\\\/var\\\/www\\\/vhosts\\\/swisshappybrows.com\\\/httpdocs\\\/wp-content\\\/uploads\\\/2022\\\/10\\\/zurich9.jpg\",\"meta\":[],\"tags_taxonomy\":\"media_tag\"}]<\/script>\n\t\t\t<script type=\"application\/json\" class=\"wg-json-settings\">{\"copyR_Protection\":0,\"copyR_Alert\":\"Hello, this photo is mine!\",\"sliderScrollNavi\":0,\"sliderNextPrevAnimation\":\"animation\",\"sliderBgColor\":\"rgba(0,0,0,0.9)\",\"sliderPreloaderColor\":\"rgba(255,255,255,1)\",\"sliderHeaderFooterBgColor\":\"rgba(0,0,0,0.4)\",\"sliderNavigationColor\":\"rgba(0,0,0,1)\",\"sliderNavigationColorOver\":\"rgba(255,255,255,1)\",\"sliderNavigationIconColor\":\"rgba(255,255,255,1)\",\"sliderNavigationIconColorOver\":\"rgba(0,0,0,1)\",\"sliderItemTitleEnable\":0,\"sliderItemTitleFontSize\":18,\"sliderItemTitleTextColor\":\"rgba(255,255,255,1)\",\"sliderItemDescriptionEnable\":0,\"sliderItemDescriptionFontSize\":16,\"sliderItemDescriptionTextColor\":\"rgba(255,255,255,0.8)\",\"infoBarExifEnable\":0,\"sliderThumbBarEnable\":0,\"sliderThumbBarHoverColor\":\"rgba(255,255,255,1)\",\"sliderPlayButton\":0,\"slideshowDelay\":8,\"slideshowProgressBarColor\":\"rgba(255,255,255,1)\",\"slideshowProgressBarBGColor\":\"rgba(255,255,255,0.6)\",\"sliderZoomButton\":0,\"sliderSocialShareEnabled\":0,\"sliderFullScreen\":0,\"sliderThumbSubMenuBackgroundColor\":\"rgba(0, 0, 0, 0)\",\"sliderThumbSubMenuIconColor\":\"rgba(255, 255, 255, 1)\",\"sliderThumbSubMenuBackgroundColorOver\":\"rgba(255, 255, 255, 1)\",\"sliderThumbSubMenuIconHoverColor\":\"rgba(0, 0, 0, 1)\",\"__lightbox\":\"woowlightbox\",\"collectionPreloaderColor\":\"rgba(180,180,180,1)\",\"collectionBgColor\":\"rgba(255,255,255,0)\",\"collectionThumbColumns\":3,\"collectionThumbRecomendedWidth\":200,\"thumbSpacing\":10,\"tagsFilter\":0,\"tagCloudAll\":\"All\",\"tagCloudTextColor\":\"rgba(0,0,0,1)\",\"tagCloudBgColor\":\"rgba(180,180,180,1)\",\"collectionThumbHoverColor\":\"rgba(0,0,0,0.5)\",\"collectionThumbTitleShow\":0,\"collectionThumbTitleColor\":\"rgba(0,0,0,1)\",\"collectionThumbFontSize\":18,\"collectionThumbDescriptionShow\":0,\"collectionThumbContentBGColor\":\"rgba(220,220,220,1)\",\"collectionThumbDescriptionColor\":\"rgba(0,0,0,1)\",\"collectionThumbDescriptionFontSize\":15,\"collectionReadMoreButtonShow\":0,\"collectionReadMoreButtonLabel\":\"Read More\",\"collectionReadMoreButtonFontSize\":12,\"collectionReadMoreButtonBGColor\":\"rgba(0,0,0,1)\",\"collectionReadMoreButtonBGColorHover\":\"rgba(180,180,180,1)\",\"collectionReadMoreButtonLabelColor\":\"rgba(255,255,255,1)\",\"collectionReadMoreButtonLabelColorHover\":\"rgba(0,0,0,1)\",\"shareBarBgColor\":\"rgba(0,0,0,0.9)\",\"shareBarIconColor\":\"rgba(255,255,255,1)\",\"shareBarFacebook\":0,\"shareBarTwitter\":0,\"shareBarPinterest\":0,\"shareBarDownload\":0,\"__skin\":\"amron\",\"lightBoxEnable\":1}<\/script>\n\t\t<\/div>\n\t\t<\/div><noscript><a href=\"http:\/\/swisshappybrows.com\/wp-content\/uploads\/2022\/10\/zurich2.jpg\"><img fetchpriority=\"high\" decoding=\"async\" class=\"skip-lazy no-lazyload\" data-lazy-src=\"\" src=\"http:\/\/swisshappybrows.com\/wp-content\/uploads\/2022\/10\/zurich2.jpg\" width=\"980\" height=\"324\" title=\"Microblanding in Z\u00fcrich 2\" alt=\"\"><\/a><a href=\"http:\/\/swisshappybrows.com\/wp-content\/uploads\/2022\/10\/zurich3.jpg\"><img decoding=\"async\" class=\"skip-lazy no-lazyload\" data-lazy-src=\"\" src=\"http:\/\/swisshappybrows.com\/wp-content\/uploads\/2022\/10\/zurich3.jpg\" width=\"980\" height=\"324\" title=\"Microblanding in Z\u00fcrich 3\" alt=\"\"><\/a><a href=\"http:\/\/swisshappybrows.com\/wp-content\/uploads\/2022\/10\/zurich1.jpg\"><img decoding=\"async\" class=\"skip-lazy no-lazyload\" data-lazy-src=\"\" src=\"http:\/\/swisshappybrows.com\/wp-content\/uploads\/2022\/10\/zurich1.jpg\" width=\"980\" height=\"324\" title=\"Microblanding in Z\u00fcrich 1\" alt=\"\"><\/a><a href=\"http:\/\/swisshappybrows.com\/wp-content\/uploads\/2022\/10\/background-calendar.webp\"><img loading=\"lazy\" decoding=\"async\" class=\"skip-lazy no-lazyload\" data-lazy-src=\"\" src=\"http:\/\/swisshappybrows.com\/wp-content\/uploads\/2022\/10\/background-calendar.webp\" width=\"1242\" height=\"458\" title=\"background-calendar\" alt=\"\"><\/a><a href=\"http:\/\/swisshappybrows.com\/wp-content\/uploads\/2022\/10\/zurich4.jpg\"><img loading=\"lazy\" decoding=\"async\" class=\"skip-lazy no-lazyload\" data-lazy-src=\"\" src=\"http:\/\/swisshappybrows.com\/wp-content\/uploads\/2022\/10\/zurich4.jpg\" width=\"980\" height=\"324\" title=\"Microblanding in Z\u00fcrich 4\" alt=\"\"><\/a><a href=\"http:\/\/swisshappybrows.com\/wp-content\/uploads\/2022\/10\/zurich5.jpg\"><img loading=\"lazy\" decoding=\"async\" class=\"skip-lazy no-lazyload\" data-lazy-src=\"\" src=\"http:\/\/swisshappybrows.com\/wp-content\/uploads\/2022\/10\/zurich5.jpg\" width=\"980\" height=\"324\" title=\"Microblanding in Z\u00fcrich 5\" alt=\"\"><\/a><a href=\"http:\/\/swisshappybrows.com\/wp-content\/uploads\/2022\/10\/zurich6.jpg\"><img loading=\"lazy\" decoding=\"async\" class=\"skip-lazy no-lazyload\" data-lazy-src=\"\" src=\"http:\/\/swisshappybrows.com\/wp-content\/uploads\/2022\/10\/zurich6.jpg\" width=\"980\" height=\"324\" title=\"Microblanding in Z\u00fcrich 6\" alt=\"\"><\/a><a href=\"http:\/\/swisshappybrows.com\/wp-content\/uploads\/2022\/10\/zurich7.jpg\"><img loading=\"lazy\" decoding=\"async\" class=\"skip-lazy no-lazyload\" data-lazy-src=\"\" src=\"http:\/\/swisshappybrows.com\/wp-content\/uploads\/2022\/10\/zurich7.jpg\" width=\"980\" height=\"324\" title=\"Microblanding in Z\u00fcrich 7\" alt=\"\"><\/a><a href=\"http:\/\/swisshappybrows.com\/wp-content\/uploads\/2022\/10\/zurich8.jpg\"><img loading=\"lazy\" decoding=\"async\" class=\"skip-lazy no-lazyload\" data-lazy-src=\"\" src=\"http:\/\/swisshappybrows.com\/wp-content\/uploads\/2022\/10\/zurich8.jpg\" width=\"980\" height=\"324\" title=\"Microblanding in Z\u00fcrich 8\" alt=\"\"><\/a><a href=\"http:\/\/swisshappybrows.com\/wp-content\/uploads\/2022\/10\/zurich10.jpg\"><img loading=\"lazy\" decoding=\"async\" class=\"skip-lazy no-lazyload\" data-lazy-src=\"\" src=\"http:\/\/swisshappybrows.com\/wp-content\/uploads\/2022\/10\/zurich10.jpg\" width=\"980\" height=\"324\" title=\"Microblanding in Z\u00fcrich 10\" alt=\"\"><\/a><a href=\"http:\/\/swisshappybrows.com\/wp-content\/uploads\/2022\/10\/zurich9.jpg\"><img loading=\"lazy\" decoding=\"async\" class=\"skip-lazy no-lazyload\" data-lazy-src=\"\" src=\"http:\/\/swisshappybrows.com\/wp-content\/uploads\/2022\/10\/zurich9.jpg\" width=\"980\" height=\"324\" title=\"Microblanding in Z\u00fcrich 9\" alt=\"\"><\/a><\/noscript>\t\t\t\t<\/div>\n\t\t\t\t<\/div>\n\t\t\t\t<\/div>\n\t\t\t\t<\/div>\n\t\t","protected":false},"excerpt":{"rendered":"<p>Microblading in Z\u00fcrich Unser Studio in Z\u00fcrich Termin Z\u00fcrich<\/p>","protected":false},"author":1,"featured_media":0,"parent":0,"menu_order":0,"comment_status":"closed","ping_status":"closed","template":"","meta":{"_acf_changed":false,"site-sidebar-layout":"no-sidebar","site-content-layout":"page-builder","ast-site-content-layout":"default","site-content-style":"default","site-sidebar-style":"default","ast-global-header-display":"","ast-banner-title-visibility":"","ast-main-header-display":"","ast-hfb-above-header-display":"","ast-hfb-below-header-display":"","ast-hfb-mobile-header-display":"","site-post-title":"disabled","ast-breadcrumbs-content":"","ast-featured-img":"disabled","footer-sml-layout":"","theme-transparent-header-meta":"default","adv-header-id-meta":"","stick-header-meta":"","header-above-stick-meta":"","header-main-stick-meta":"","header-below-stick-meta":"","astra-migrate-meta-layouts":"default","ast-page-background-enabled":"default","ast-page-background-meta":{"desktop":{"background-color":"var(--ast-global-color-4)","background-image":"","background-repeat":"repeat","background-position":"center center","background-size":"auto","background-attachment":"scroll","background-type":"","background-media":"","overlay-type":"","overlay-color":"","overlay-opacity":"","overlay-gradient":""},"tablet":{"background-color":"","background-image":"","background-repeat":"repeat","background-position":"center center","background-size":"auto","background-attachment":"scroll","background-type":"","background-media":"","overlay-type":"","overlay-color":"","overlay-opacity":"","overlay-gradient":""},"mobile":{"background-color":"","background-image":"","background-repeat":"repeat","background-position":"center center","background-size":"auto","background-attachment":"scroll","background-type":"","background-media":"","overlay-type":"","overlay-color":"","overlay-opacity":"","overlay-gradient":""}},"ast-content-background-meta":{"desktop":{"background-color":"var(--ast-global-color-5)","background-image":"","background-repeat":"repeat","background-position":"center center","background-size":"auto","background-attachment":"scroll","background-type":"","background-media":"","overlay-type":"","overlay-color":"","overlay-opacity":"","overlay-gradient":""},"tablet":{"background-color":"var(--ast-global-color-5)","background-image":"","background-repeat":"repeat","background-position":"center center","background-size":"auto","background-attachment":"scroll","background-type":"","background-media":"","overlay-type":"","overlay-color":"","overlay-opacity":"","overlay-gradient":""},"mobile":{"background-color":"var(--ast-global-color-5)","background-image":"","background-repeat":"repeat","background-position":"center center","background-size":"auto","background-attachment":"scroll","background-type":"","background-media":"","overlay-type":"","overlay-color":"","overlay-opacity":"","overlay-gradient":""}},"footnotes":""},"class_list":["post-2359","page","type-page","status-publish","hentry"],"acf":[],"_links":{"self":[{"href":"https:\/\/swisshappybrows.com\/en\/wp-json\/wp\/v2\/pages\/2359","targetHints":{"allow":["GET"]}}],"collection":[{"href":"https:\/\/swisshappybrows.com\/en\/wp-json\/wp\/v2\/pages"}],"about":[{"href":"https:\/\/swisshappybrows.com\/en\/wp-json\/wp\/v2\/types\/page"}],"author":[{"embeddable":true,"href":"https:\/\/swisshappybrows.com\/en\/wp-json\/wp\/v2\/users\/1"}],"replies":[{"embeddable":true,"href":"https:\/\/swisshappybrows.com\/en\/wp-json\/wp\/v2\/comments?post=2359"}],"version-history":[{"count":38,"href":"https:\/\/swisshappybrows.com\/en\/wp-json\/wp\/v2\/pages\/2359\/revisions"}],"predecessor-version":[{"id":2896,"href":"https:\/\/swisshappybrows.com\/en\/wp-json\/wp\/v2\/pages\/2359\/revisions\/2896"}],"wp:attachment":[{"href":"https:\/\/swisshappybrows.com\/en\/wp-json\/wp\/v2\/media?parent=2359"}],"curies":[{"name":"wp","href":"https:\/\/api.w.org\/{rel}","templated":true}]}}